{"id":201,"date":"2018-09-13T09:54:32","date_gmt":"2018-09-13T07:54:32","guid":{"rendered":"http:\/\/www.ribolov.pomurski-sejem.si\/kako-do-nas\/"},"modified":"2019-02-26T09:37:50","modified_gmt":"2019-02-26T08:37:50","slug":"anreise-uebernachtung","status":"publish","type":"page","link":"https:\/\/www.ribolov.pomurski-sejem.si\/de\/anreise-uebernachtung\/","title":{"rendered":"Anreise &#8211; \u00dcbernachtung"},"content":{"rendered":"<div  class=\"one withsmallpadding ppb_header \" style=\"text-align:left;padding:30px 0 30px 0;\" >\n<div class=\"standard_wrapper\">\n<div class=\"page_content_wrapper\">\n<div class=\"inner\">\n<div style=\"width:100%\">\n<h2 class=\"ppb_title\" style=\";text-align:left;\">Anreise<\/h2>\n<div class=\"ppb_header_content\">\n<p><iframe style=\"border: 0;\" src=\"https:\/\/www.google.com\/maps\/embed?pb=!1m18!1m12!1m3!1d10951.112147825694!2d15.995696149999999!3d46.6706432!2m3!1f0!2f0!3f0!3m2!1i1024!2i768!4f13.1!3m3!1m2!1s0x476f148089d101b1%3A0xe00b202fbaa42fee!2sPomurski+sejem+d.d.!5e0!3m2!1ssl!2ssi!4v1528456713475\" width=\"100%\" height=\"450\" frameborder=\"0\" allowfullscreen=\"allowfullscreen\"><\/iframe><\/p>\n<\/div>\n<\/div>\n<\/div>\n<\/div>\n<\/div>\n<\/div>\n<div  class=\"one withsmallpadding ppb_text\" style=\"text-align:left;padding:30px 0 30px 0;\" >\n<div class=\"standard_wrapper\">\n<div class=\"page_content_wrapper\">\n<div class=\"inner\">\n<div style=\"margin:auto;width:100%\">\n<hr>\n<\/div>\n<\/div>\n<\/div>\n<\/div>\n<\/div>\n<div  class=\"one withsmallpadding ppb_text\" style=\"text-align:left;padding:30px 0 30px 0;\" >\n<div class=\"standard_wrapper\">\n<div class=\"page_content_wrapper\">\n<div class=\"inner\">\n<div style=\"margin:auto;width:100%\">\n<h3>REISEN<\/h3>\n<p>Gornja Radgona ist in einer tollen Lage im Nordosten Sloweniens, an der Grenze zu \u00d6sterreich, in der N\u00e4he der Hauptstadt von Slowenien (Ljubljana), in der N\u00e4he von Kroatien und in der N\u00e4he von Ungarn.<\/p>\n<\/div>\n<\/div>\n<\/div>\n<\/div>\n<\/div>\n<div  class=\"one withsmallpadding ppb_text\" style=\"text-align:left;padding:30px 0 30px 0;\" >\n<div class=\"standard_wrapper\">\n<div class=\"page_content_wrapper\">\n<div class=\"inner\">\n<div style=\"margin:auto;width:100%\">\n<hr>\n<\/div>\n<\/div>\n<\/div>\n<\/div>\n<\/div>\n<div  class=\"one withsmallpadding ppb_text\" style=\"text-align:left;padding:30px 0 30px 0;\" >\n<div class=\"standard_wrapper\">\n<div class=\"page_content_wrapper\">\n<div class=\"inner\">\n<div style=\"margin:auto;width:100%\">\n<h3>MIT DEM FLUGZEUG<\/h3>\n<p>Wenn Sie mit dem Flugzeug anreisen, ist der n\u00e4chste Flughafen in <strong>Graz, \u00d6sterreich (66 km).<\/strong> Flughafen Graz ist bis zu 1 Stunde Fahrt nordwestlich von Gornja Radgona. Es bietet regelm\u00e4\u00dfige und h\u00e4ufige Fl\u00fcge zu mehreren gro\u00dfen Anschluss Flugh\u00e4fen (M\u00fcnchen, Frankfurt und Wien).<\/p>\n<p>F\u00fcr den Transfer von den Flugh\u00e4fen zu Gornja Radgona k\u00f6nnen Sie die \u00f6ffentlichen Verkehrsmittel gebrauchen oder ein Auto mieten.<\/p>\n<p>Man kann auch nach Gornja Radgona vom Flughafen Graz mit einer Zugverbindung nach Bad Radkersburg, die die Grenzstadt zu Gornja Radgona ist. Der Bahnhof (Flughafen Graz-Feldkirchen) ist nur wenige Gehminuten von dem Terminal.<\/p>\n<p>Es ist auch m\u00f6glich, ein Taxi zu Gornja Radgona zu nehmen.<\/p>\n<p><strong>Weitere Flugh\u00e4fen:<\/strong><\/p>\n<p><strong>Ljubljana (Jo\u017ee Pu\u010dnik Flughafen) = 173 km<\/strong><br \/>Der Flughafen ist etwa 25 Autominuten n\u00f6rdlich von Ljubljana entfernt. Regelm\u00e4\u00dfige st\u00fcndliche Bustransfers (45 min) zum Ljubljana Zug und Busbahnhof sind zur Verf\u00fcgung. Ein One-Way-Ticket kostet ca. 4 EUR. Der Bahnhof und der Busbahnhof befindet sich im Zentrum von Ljubljana.<\/p>\n<p>Ein Taxi-Transfer auf der gleichen Strecke kostet ca. 30 EUR. Der Taxistand befindet sich direkt vor dem Terminal. Taxis passen sich den tats\u00e4chlichen Ank\u00fcnften von Fl\u00fcgen an und sind vor Ort da. F\u00fcr Reservierungen oder weitere Informationen k\u00f6nnen Sie unter der Telefonnummer anrufen: +386 59 060 777, +386 31 216 111, E-Mail: <a href=\"mailto:taxiairport4@gmail.com\">taxiairport4@gmail.com<\/a> oder besuchen Sie diese Web-Adresse <a href=\"http:\/\/airporttaxi.si\/\">http:\/\/airporttaxi.si\/<\/a><\/p>\n<p>Die beste M\u00f6glichkeit ist, einen Bus von Ljubljana nach Gornja Radgona oder einen Zug nach Maribor zu nehmen und von dort aus einen Bus nach Gornja Radgona.<\/p>\n<p><strong>Zagreb (Pleso), Kroatien = 139 km<\/strong><br \/>Zagreb Flughafen ist eine 2-st\u00fcndige Fahrt von Gornja Radgona.<\/p>\n<p><strong>Wien (Schwechat), \u00d6sterreich = 219 km<\/strong><br \/>Flughafen Wien ist 2 \u00bd Stunden Fahrt von Gornja Radgona. Der einfachste Weg von Wien nach Gornja Radgona, wenn Sie \u00f6ffentliches Verkehr gebrauchen ist mit einem Zug oder Bus nach Bad Radkersburg.<\/p>\n<p><iframe src=\"https:\/\/www.google.com\/maps\/d\/u\/0\/embed?mid=1M2_v_2Dhvq-jMJC60lszATla7uWdcUmW\" width=\"640\" height=\"480\"><\/iframe><\/p>\n<\/div>\n<\/div>\n<\/div>\n<\/div>\n<\/div>\n<div  class=\"one withsmallpadding ppb_text\" style=\"text-align:left;padding:30px 0 30px 0;\" >\n<div class=\"standard_wrapper\">\n<div class=\"page_content_wrapper\">\n<div class=\"inner\">\n<div style=\"margin:auto;width:100%\">\n<hr>\n<\/div>\n<\/div>\n<\/div>\n<\/div>\n<\/div>\n<div  class=\"one withsmallpadding ppb_text\" style=\"text-align:left;padding:30px 0 30px 0;\" >\n<div class=\"standard_wrapper\">\n<div class=\"page_content_wrapper\">\n<div class=\"inner\">\n<div style=\"margin:auto;width:100%\">\n<h3>MIT DEM AUTO<\/h3>\n<p>Nach Gornja Radgona f\u00fchren von der Autobahn A5 die Ausfahrten Lenart, Sv. Jurij und Vucja vas. Aus westlicher Richtung Sloweniens empfehlen wir Ihnen die Ausfahrt Lenart und aus der \u00f6stlichen Richtung die Ausfahrt Vu\u010dja vas. Aus der Richtung \u00d6sterreich empfehlen wir Ihnen den Weg \u00fcber Bad Radkersburg. Die Messe ist nur 1 km entfernt von der Grenze zwischen Bad Radkersburg und Gornja Radgona.<\/p>\n<p>Aus Richtung Budapest, Ungarn in Richtung W<br \/>\nAutobahn E71, M70, E653, A5, Ausfahrt Vu\u010dja vas<\/p>\n<p>Aus Richtung Zagreb, Kroatien in Richtung N<br \/>\nAutobahn E59, Ausfahrt Dra\u017eenci Richtung Ptuj, Cerkvenjak, Spodnji Ivajnci und Gornja Radgona<\/p>\n<p>Aus Richtung Ljubljana (auch Richtung Triest, Italien) in Richtung E<br \/>\nAutobahn E70, E61, A1, Ausfahrt Lenart<\/p>\n<p>Aus Richtung Graz, \u00d6sterreich in Richtung S<br \/>\nAutobahn E57, E59, A9, Ausfahrt Gersdorf Richtung Bad Radkersburg<\/p>\n<p><iframe src=\"https:\/\/www.google.com\/maps\/embed?pb=!1m18!1m12!1m3!1d926153.359540521!2d15.34873891291245!3d46.695937600188415!2m3!1f0!2f0!3f0!3m2!1i1024!2i768!4f13.1!3m3!1m2!1s0x476f148089d101b1%3A0xe00b202fbaa42fee!2sPomurski+sejem+d.d.!5e0!3m2!1ssl!2ssi!4v1523429233769\" width=\"100%\" height=\"450\" frameborder=\"0\" style=\"border:0\" allowfullscreen><\/iframe><\/p>\n<\/div>\n<\/div>\n<\/div>\n<\/div>\n<\/div>\n<div  class=\"one withsmallpadding ppb_text\" style=\"text-align:left;padding:30px 0 30px 0;\" >\n<div class=\"standard_wrapper\">\n<div class=\"page_content_wrapper\">\n<div class=\"inner\">\n<div style=\"margin:auto;width:100%\">\n<hr>\n<\/div>\n<\/div>\n<\/div>\n<\/div>\n<\/div>\n<div  class=\"one withsmallpadding ppb_text\" style=\"text-align:left;padding:30px 0 30px 0;\" >\n<div class=\"standard_wrapper\">\n<div class=\"page_content_wrapper\">\n<div class=\"inner\">\n<div style=\"margin:auto;width:100%\">\n<h3>MIT DEM BUS<\/h3>\n<p>Ljubljana<br \/><a href=\"http:\/\/www.ap-ljubljana.si\/eng\/\">http:\/\/www.ap-ljubljana.si\/eng\/<\/a><\/p>\n<p>Murska Sobota<br \/><a href=\"http:\/\/www.apms.si\/voznired\">http:\/\/www.apms.si\/voznired<\/a><\/p>\n<\/div>\n<\/div>\n<\/div>\n<\/div>\n<\/div>\n<div  class=\"one withsmallpadding ppb_text\" style=\"text-align:left;padding:30px 0 30px 0;\" >\n<div class=\"standard_wrapper\">\n<div class=\"page_content_wrapper\">\n<div class=\"inner\">\n<div style=\"margin:auto;width:100%\">\n<hr>\n<\/div>\n<\/div>\n<\/div>\n<\/div>\n<\/div>\n<div  class=\"one withsmallpadding ppb_text\" style=\"text-align:left;padding:30px 0 30px 0;\" >\n<div class=\"standard_wrapper\">\n<div class=\"page_content_wrapper\">\n<div class=\"inner\">\n<div style=\"margin:auto;width:100%\">\n<h3>MIT DEM ZUG<\/h3>\n<p>Der beste Weg Gornja Radgona zu erreichen, wenn Sie aus \u00d6sterreich kommen, ist von Bad Radkersburg, die die Grenzstadt zu Gornja Radgona ist.<br \/>Fahrpl\u00e4ne der \u00d6BB: <a href=\"http:\/\/fahrplan.oebb.at\/bin\/query.exe\/en\">http:\/\/fahrplan.oebb.at\/bin\/query.exe\/en<\/a><\/p>\n<p>Von der Slowenisch Seite gibt es keinen direkten Zug nach Gornja Radgona.<\/p>\n<\/div>\n<\/div>\n<\/div>\n<\/div>\n<\/div>\n<div  class=\"one withsmallpadding ppb_header \" style=\"text-align:left;padding:30px 0 30px 0;\" >\n<div class=\"standard_wrapper\">\n<div class=\"page_content_wrapper\">\n<div class=\"inner\">\n<div style=\"width:100%\">\n<h2 class=\"ppb_title\" style=\";text-align:left;\">\u00dcbernachtungsm\u00f6glichkeiten<\/h2>\n<\/div>\n<\/div>\n<\/div>\n<\/div>\n<\/div>\n<div  class=\"one withsmallpadding ppb_text\" style=\"text-align:left;padding:30px 0 30px 0;\" >\n<div class=\"standard_wrapper\">\n<div class=\"page_content_wrapper\">\n<div class=\"inner\">\n<div style=\"margin:auto;width:100%\">\n<hr>\n<\/div>\n<\/div>\n<\/div>\n<\/div>\n<\/div>\n<div  class=\"one withsmallpadding ppb_text\" style=\"text-align:left;padding:30px 0 30px 0;\" >\n<div class=\"standard_wrapper\">\n<div class=\"page_content_wrapper\">\n<div class=\"inner\">\n<div style=\"margin:auto;width:100%\">\n<h3>SAVA TURIZEM &#8211; ZDRAVILI\u0160\u010cE RADENCI<\/h3>\n<p>Zdravili\u0161ko naselje 12, 9252 Radenci, Slowenien<br \/>\nT: +386 2 520 27 20, +386 2 520 27 22<br \/>\nF: +386 2 520 27 23<br \/>\nE: <a href=\"mailto:info@zdravilisce-radenci.si\" target=\"_blank\" rel=\"noopener noreferrer\">info@zdravilisce-radenci.si<\/a><br \/>\nW: <a href=\"httpW:\/\/www.sava-hotels-resorts.com\/si\/zdravilisce-radenci\" target=\"_blank\" rel=\"noopener noreferrer\">www.sava-hotels-resorts.com<\/a><\/p>\n<h3>VILA ANNA<\/h3>\n<p>Panonska 15, 9252 Radenci, Slowenien<br \/>\nT: +386 2 566 92 85<br \/>\nM: +386 41 631 476<br \/>\nF: +386 2 566 92 82<br \/>\nE: <a href=\"mailto:info@vila-anna.si\" target=\"_blank\" rel=\"noopener noreferrer\">info@vila-anna.si<\/a><br \/>\nW: <a href=\"httpW:\/\/vila-anna.si\/\" target=\"_blank\" rel=\"noopener noreferrer\">www.vila-anna.si<\/a><\/p>\n<h3>DIJA\u0160KI DOM SREDNJE \u0160OLE ZA GOSTINSTVO IN TURIZEM RADENCI<\/h3>\n<p>Prisojna cesta 4, 9252 Radenci, Slowenien<br \/>\nT: +386 2 564 26 50<br \/>\nF: +386 2 566 91 70<br \/>\nE: <a href=\"mailto:ddssgt.radenci@gmail.com\" target=\"_blank\" rel=\"noopener noreferrer\">ddssgt.radenci@gmail.com<\/a><br \/>\nW: <a href=\"httT:\/\/www.s-ssgtr.ms.edus.si\" target=\"_blank\" rel=\"noopener noreferrer\">www.s-ssgtr.ms.edus.si<\/a><\/p>\n<h3>LOVENJAKOV DVOR &#8211; HOTEL \u0160TRK<\/h3>\n<p>Polana 40, 9000 Murska Sobota, Slowenien<br \/>\nT: +386 2 525 21 58<br \/>\nF: +386 2 525 21 57<br \/>\nE: <a href=\"mailto:hotel.strk@siol.net\" target=\"_blank\" rel=\"noopener noreferrer\">hotel.strk@siol.net<\/a><br \/>\nW: <a href=\"httT:\/\/www.lovenjakov-dvor.si\/\" target=\"_blank\" rel=\"noopener noreferrer\">www.lovenjakov-dvor.si<\/a><\/p>\n<h3>SAVA TURIZEM &#8211; TERME BANOVCI<\/h3>\n<p>Banovci 1a, 9241 Ver\u017eej, Slowenien<br \/>\nT: +386 2 513 14 00<br \/>\nF: +386 2 548 16 07<br \/>\nE: <a href=\"mailto:terme@terme-banovci.si\" target=\"_blank\" rel=\"noopener noreferrer\">terme@terme-banovci.si<\/a><br \/>\nW: <a href=\"httpW:\/\/www.sava-hotels-resorts.com\/si\/terme-banovci\" target=\"_blank\" rel=\"noopener noreferrer\">www.sava-hotels-resorts.com<\/a><\/p>\n<h3>SAVA TURIZEM &#8211; TERME 3000 \u2013 MORAVSKE TOPLICE<\/h3>\n<p>Kranj\u010deva ulica 12, 9226 Moravske Toplice, Slowenien<br \/>\nT: +386 2 512 22 00<br \/>\nF: +386 2 548 16 07<br \/>\nE: <a href=\"mailto:info@terme3000.si\">info@terme3000.si<\/a><br \/>\nW: <a href=\"httpW:\/\/www.sava-hotels-resorts.com\/si\/terme-3000-moravske-toplice\" target=\"_blank\" rel=\"noopener noreferrer\">www.sava-hotels-resorts.com<\/a><\/p>\n<h3>TERME VIVAT<\/h3>\n<p>Ulica ob igri\u0161\u010du 3,\u00a09226 Moravske Toplice, Slowenien<br \/>\nT: +386 2 538 21 00<br \/>\nM: +386 41 788 881<br \/>\nF: +386 2 538 21 12<br \/>\nE: <a href=\"mailto:info@vivat.si\">info@vivat.si<\/a>, <a href=\"mailto:recepcija@vivat.si\">recepcija@vivat.si<\/a><br \/>\nW: <a href=\"httT:\/\/www.vivat.si\/\" target=\"_blank\" rel=\"noopener noreferrer\">www.vivat.si<\/a><\/p>\n<h3>HOTEL DIANA<\/h3>\n<p>Slovenska ulica 52, 9000 Murska Sobota, Slowenien<br \/>\nT: +386 2 514 12 00<br \/>\nF: +386 2 514 12 45<br \/>\nE:\u00a0<a href=\"mailto:recepcija@hotel-diana.si\">recepcija@hotel-diana.si<\/a><br \/>\nW: <a href=\"httT:\/\/www.hotel-diana.si\/\" target=\"_blank\" rel=\"noopener noreferrer\">www.hotel-diana.si<\/a><\/p>\n<h3>SAVA TURIZEM &#8211; TERME LENDAVA<\/h3>\n<p>Tom\u0161i\u010deva 2a, 9220 Lendava, Slowenien<br \/>\nT: +386 2 577 44 00, +386 2 577 41 00<br \/>\nF: +386 2 577 44 12<br \/>\nE: <a href=\"mailto:info@terme-lendava.si\">info@terme-lendava.si<\/a><br \/>\nW: <a href=\"httpW:\/\/www.sava-hotels-resorts.com\/si\/terme-lendava\" target=\"_blank\" rel=\"noopener noreferrer\">www.sava-hotels-resorts.com<\/a><\/p>\n<h3>BIOTERME MALA NEDELJA<\/h3>\n<p>Moravci v slovenskih goricah 34 B, 9243 Mala Nedelja, Slowenien<br \/>\nT: +386 2 565 20 00 (Hotel Bioterme)<br \/>\nT: +386 2 585 17 30 (Termalni park)<br \/>\nT: +386 2 585 17 81<br \/>\nE: <a href=\"mailto:hotel@bioterme.si\">hotel@bioterme.si<\/a><br \/>\nW: <a href=\"httT:\/\/www.bioterme.si\/\" target=\"_blank\" rel=\"noopener noreferrer\">www.bioterme.si<\/a><\/p>\n<h3>AKTIVNA FITNESS PRENO\u010cI\u0160\u010cA VRTNICA<\/h3>\n<p>Zgornje Konji\u0161\u010de 2, 9253 Apa\u010de, Slowenien<br \/>\nM: +386 40 371 704<br \/>\nE: <a href=\"mailto:andreja.zrnic@gmail.com\">andreja.zrnic@gmail.com<\/a><\/p>\n<h3>SAVA TURIZEM &#8211; TERME PTUJ<\/h3>\n<p>Pot v toplice 9, 2251 Ptuj, Slowenien<br \/>\nT: +386 2 749 45 00<br \/>\nF: +386 2 548 16 07<br \/>\nE: <a href=\"mailto:rezervacije@terme-ptuj.si\">rezervacije@terme-ptuj.si<\/a><br \/>\nW: <a href=\"httpW:\/\/www.sava-hotels-resorts.com\/si\/terme-ptuj\" target=\"_blank\" rel=\"noopener noreferrer\">www.sava-hotels-resorts.com<\/a><\/p>\n<h3>Park hotel Ptuj<\/h3>\n<p>Pre\u0161ernova 38, SI-2250 Ptuj, Slowenien<br \/>\nT: +386 2 749 33 00<br \/>\nF: +386 2 749 33 18<br \/>\nE: <a href=\"mailto:info@parkhotel-ptuj.si\">info@parkhotel-ptuj.si<\/a><br \/>\nW: <a href=\"httT:\/\/www.parkhotel-ptuj.si\/\" target=\"_blank\" rel=\"noopener noreferrer\">www.parkhotel-ptuj.si<\/a><\/p>\n<\/div>\n<\/div>\n<\/div>\n<\/div>\n<\/div>\n","protected":false},"excerpt":{"rendered":"<p>Anreise REISEN Gornja Radgona ist in einer tollen Lage im Nordosten Sloweniens, an der Grenze zu \u00d6sterreich, in der N\u00e4he der Hauptstadt von Slowenien (Ljubljana), in der N\u00e4he von Kroatien und in der N\u00e4he von Ungarn. MIT DEM FLUGZEUG Wenn [&hellip;]<\/p>\n","protected":false},"author":2,"featured_media":196,"parent":0,"menu_order":0,"comment_status":"closed","ping_status":"closed","template":"","meta":{"footnotes":"","_links_to":"","_links_to_target":""},"class_list":["post-201","page","type-page","status-publish","has-post-thumbnail","hentry"],"_links":{"self":[{"href":"https:\/\/www.ribolov.pomurski-sejem.si\/de\/wp-json\/wp\/v2\/pages\/201","targetHints":{"allow":["GET"]}}],"collection":[{"href":"https:\/\/www.ribolov.pomurski-sejem.si\/de\/wp-json\/wp\/v2\/pages"}],"about":[{"href":"https:\/\/www.ribolov.pomurski-sejem.si\/de\/wp-json\/wp\/v2\/types\/page"}],"author":[{"embeddable":true,"href":"https:\/\/www.ribolov.pomurski-sejem.si\/de\/wp-json\/wp\/v2\/users\/2"}],"replies":[{"embeddable":true,"href":"https:\/\/www.ribolov.pomurski-sejem.si\/de\/wp-json\/wp\/v2\/comments?post=201"}],"version-history":[{"count":5,"href":"https:\/\/www.ribolov.pomurski-sejem.si\/de\/wp-json\/wp\/v2\/pages\/201\/revisions"}],"predecessor-version":[{"id":413,"href":"https:\/\/www.ribolov.pomurski-sejem.si\/de\/wp-json\/wp\/v2\/pages\/201\/revisions\/413"}],"wp:featuredmedia":[{"embeddable":true,"href":"https:\/\/www.ribolov.pomurski-sejem.si\/de\/wp-json\/wp\/v2\/media\/196"}],"wp:attachment":[{"href":"https:\/\/www.ribolov.pomurski-sejem.si\/de\/wp-json\/wp\/v2\/media?parent=201"}],"curies":[{"name":"wp","href":"https:\/\/api.w.org\/{rel}","templated":true}]}}