{"id":212,"date":"2018-09-13T10:50:51","date_gmt":"2018-09-13T08:50:51","guid":{"rendered":"http:\/\/www.ribolov.pomurski-sejem.si\/fuer-medien\/novinarsko-sredisce\/"},"modified":"2018-10-16T15:04:13","modified_gmt":"2018-10-16T13:04:13","slug":"pressezentrum","status":"publish","type":"page","link":"https:\/\/www.ribolov.pomurski-sejem.si\/de\/fuer-medien\/pressezentrum\/","title":{"rendered":"Pressezentrum"},"content":{"rendered":"<div class=\"standard_wrapper\">\n<div  class=\"two_third withsmallpadding ppb_header \" style=\"text-align:left;padding:30px 0 30px 0;\" >\n<div class=\"page_content_wrapper\">\n<div class=\"inner\">\n<div style=\"width:100%\">\n<h2 class=\"ppb_title\" style=\";text-align:left;\">Willkommen<\/h2>\n<\/div>\n<\/div>\n<\/div>\n<\/div>\n<\/div>\n<div class=\"standard_wrapper\">\n<div  class=\"two_third withsmallpadding ppb_text\" style=\"text-align:left;padding:30px 0 30px 0;\" >\n<div class=\"standard_wrapper\">\n<div class=\"page_content_wrapper\">\n<div class=\"inner\">\n<div style=\"margin:auto;width:100%\">\n<hr>\n<\/div>\n<\/div>\n<\/div>\n<\/div>\n<\/div>\n<\/div>\n<div class=\"standard_wrapper\">\n<div  class=\"two_third withsmallpadding ppb_text\" style=\"text-align:left;padding:30px 0 30px 0;\" >\n<div class=\"standard_wrapper\">\n<div class=\"page_content_wrapper\">\n<div class=\"inner\">\n<div style=\"margin:auto;width:100%\">\n<p>Aus dem Pressezentrum der Messe informieren wir die breite \u00d6ffentlichkeit \u00fcber alle vorgef\u00fchrten Neuerungen, Forumpr\u00e4sentationen und \u00fcber andere bedeutende Aktivit\u00e4ten der Aussteller.<\/p>\n<ul>\n<li>Halten Sie uns am Laufenden \u00fcber alle Neuerungen, die Sie auf der Messe pr\u00e4sentieren werden und \u00fcber Events, die Sie f\u00fcr Ihre Messebesucher planen.<\/li>\n<li>Pr\u00e4sentieren Sie Ihre Produkte und Ihr Unternehmen im Pressezentrum der Messe.<\/li>\n<li>Laden Sie die Journalisten zu den Messepr\u00e4sentationen und Vorf\u00fchrungen und zu den besonderen Events ein, die Sie f\u00fcr sie vorbereiten.<\/li>\n<li>Veranstalten Sie die Pressekonferenz selbst!<\/li>\n<\/ul>\n<p>Wenn Sie uns die Informationen \u00fcber Ihre Neuerungen und Interessantheiten der Messepr\u00e4sentation mindestens einen Monat vor dem Messebeginn \u00fcbermitteln, werden wir in der zentralen Presseinformation kostenlos eine Zusammenfassung dar\u00fcber ver\u00f6ffentlichen.<\/p>\n<p>Ihre Informationen, die wir vor Messebeginn erhalten werden, werden wir an die Journalisten im Pressezentrum der Messe weiterleiten! (In unser Pressezentrum kommen Journalisten sowohl aus Slowenien als auch aus anderen europ\u00e4ischen L\u00e4ndern, deshalb empfehlen wir Ihnen, die Materialien f\u00fcr die Presse in slowenischer und in englische Sprache vorzubereiten.)<\/p>\n<p>Bei der Planung von Pressekonferenzen stehen wir Ihnen gerne mit kostenlosen Vorschl\u00e4gen zur Verf\u00fcgung.<\/p>\n<h3>Kontakt:<\/h3>\n<p><strong>Miran Mate<\/strong><br \/>\nT: +386 1 432 40 30<br \/>\nM: +386 41 263 107<br \/>\nE: <a href=\"mailto:miran.mate@pomurski-sejem.si\">miran.mate@pomurski-sejem.si<\/a><\/p>\n<\/div>\n<\/div>\n<\/div>\n<\/div>\n<\/div>\n<\/div>\n","protected":false},"excerpt":{"rendered":"<p>Willkommen Aus dem Pressezentrum der Messe informieren wir die breite \u00d6ffentlichkeit \u00fcber alle vorgef\u00fchrten Neuerungen, Forumpr\u00e4sentationen und \u00fcber andere bedeutende Aktivit\u00e4ten der Aussteller. Halten Sie uns am Laufenden \u00fcber alle Neuerungen, die Sie auf der Messe pr\u00e4sentieren werden und \u00fcber [&hellip;]<\/p>\n","protected":false},"author":2,"featured_media":196,"parent":209,"menu_order":0,"comment_status":"closed","ping_status":"closed","template":"","meta":{"footnotes":"","_links_to":"","_links_to_target":""},"class_list":["post-212","page","type-page","status-publish","has-post-thumbnail","hentry"],"_links":{"self":[{"href":"https:\/\/www.ribolov.pomurski-sejem.si\/de\/wp-json\/wp\/v2\/pages\/212","targetHints":{"allow":["GET"]}}],"collection":[{"href":"https:\/\/www.ribolov.pomurski-sejem.si\/de\/wp-json\/wp\/v2\/pages"}],"about":[{"href":"https:\/\/www.ribolov.pomurski-sejem.si\/de\/wp-json\/wp\/v2\/types\/page"}],"author":[{"embeddable":true,"href":"https:\/\/www.ribolov.pomurski-sejem.si\/de\/wp-json\/wp\/v2\/users\/2"}],"replies":[{"embeddable":true,"href":"https:\/\/www.ribolov.pomurski-sejem.si\/de\/wp-json\/wp\/v2\/comments?post=212"}],"version-history":[{"count":4,"href":"https:\/\/www.ribolov.pomurski-sejem.si\/de\/wp-json\/wp\/v2\/pages\/212\/revisions"}],"predecessor-version":[{"id":216,"href":"https:\/\/www.ribolov.pomurski-sejem.si\/de\/wp-json\/wp\/v2\/pages\/212\/revisions\/216"}],"up":[{"embeddable":true,"href":"https:\/\/www.ribolov.pomurski-sejem.si\/de\/wp-json\/wp\/v2\/pages\/209"}],"wp:featuredmedia":[{"embeddable":true,"href":"https:\/\/www.ribolov.pomurski-sejem.si\/de\/wp-json\/wp\/v2\/media\/196"}],"wp:attachment":[{"href":"https:\/\/www.ribolov.pomurski-sejem.si\/de\/wp-json\/wp\/v2\/media?parent=212"}],"curies":[{"name":"wp","href":"https:\/\/api.w.org\/{rel}","templated":true}]}}