{"id":231,"date":"2018-09-13T10:27:58","date_gmt":"2018-09-13T08:27:58","guid":{"rendered":"http:\/\/www.ribolov.pomurski-sejem.si\/fuer-aussteller\/projektni-tim\/"},"modified":"2020-06-09T10:27:28","modified_gmt":"2020-06-09T08:27:28","slug":"projekt-team","status":"publish","type":"page","link":"https:\/\/www.ribolov.pomurski-sejem.si\/de\/fuer-aussteller\/projekt-team\/","title":{"rendered":"Projekt Team"},"content":{"rendered":"<div class=\"standard_wrapper\">\n<div  class=\"two_third withsmallpadding ppb_header \" style=\"text-align:left;padding:30px 0 30px 0;\" >\n<div class=\"page_content_wrapper\">\n<div class=\"inner\">\n<div style=\"width:100%\">\n<h2 class=\"ppb_title\" style=\";text-align:left;\">Projekt Team<\/h2>\n<\/div>\n<\/div>\n<\/div>\n<\/div>\n<\/div>\n<div class=\"standard_wrapper\">\n<div  class=\"two_third withsmallpadding ppb_text\" style=\"text-align:left;padding:30px 0 30px 0;\" >\n<div class=\"standard_wrapper\">\n<div class=\"page_content_wrapper\">\n<div class=\"inner\">\n<div style=\"margin:auto;width:100%\">\n<hr>\n<\/div>\n<\/div>\n<\/div>\n<\/div>\n<\/div>\n<\/div>\n<div class=\"standard_wrapper\">\n<div  class=\"two_third withsmallpadding ppb_text\" style=\"text-align:left;padding:30px 0 30px 0;\" >\n<div class=\"standard_wrapper\">\n<div class=\"page_content_wrapper\">\n<div class=\"inner\">\n<div style=\"margin:auto;width:100%\">\n<h3>Informationen<\/h3>\n<p><b>Jana Dimec<\/b><br \/>\nProjektleiterin<br \/>\nT: +386 (0)2 564 21 08<br \/>\nE: <a href=\"mailto:jana.dimec@pomurski-sejem.si\">jana.dimec@pomurski-sejem.si<\/a><\/p>\n<p><b>Andrej Slogovi\u010d<\/b><br \/>\nProjektleiter<br \/>\nT: +386 (0)2 564 21 12<br \/>\nE: <a href=\"mailto:andrej.slogovic@pomurski-sejem.si\">andrej.slogovic@pomurski-sejem.si<\/a><\/p>\n<p><b>Miran Mate<\/b><br \/>\nProjektleiter<br \/>\nT: +386 (0)1 432 40 30<br \/>\nM: +386 (0)41 263 107<br \/>\nE: <a href=\"mailto:miran.mate@pomurski-sejem.si\">miran.mate@pomurski-sejem.si<\/a><\/p>\n<h3>Vertretungen<\/h3>\n<h4>Kroatien<\/h4>\n<p>Manox d.o.o., Marjan Novak<br \/>\nPu\u0161\u0107ine, \u010cakove\u010dka 79<br \/>\n40305 Nedeli\u0161\u0107e<br \/>\nT: +385 (0) 98 241 952<br \/>\nT\/F: +385 (0) 40 895 196<br \/>\nE: <a href=\"mailto:manox@manox.hr\">manox@manox.hr<\/a><\/p>\n<h4>Slowakei<\/h4>\n<p>\u0160tefan Kun\u010dak<br \/>\nPlzenska 4, 83103 Bratislava 3<br \/>\nT: +421 907 729 407<br \/>\nE: <a href=\"mailto:skuncak@gmail.com\">skuncak@gmail.com<\/a><\/p>\n<h4>Ungarn<\/h4>\n<p>Mac-Line Hungary Ltd.<br \/>\nI 93 Felszabadulas Str., R\u00f6szke<br \/>\nH-6758<br \/>\nT\/F: +36 62 430 861<br \/>\nE: <a href=\"mailto:office@macline.hu\">office@macline.hu<\/a><br \/>\nW: <a href=\"http:\/\/www.macline.hu\/\" target=\"_blank\" rel=\"noopener noreferrer\">www.macline.hu<\/a><\/p>\n<\/div>\n<\/div>\n<\/div>\n<\/div>\n<\/div>\n<\/div>\n","protected":false},"excerpt":{"rendered":"<p>Projekt Team Informationen Jana Dimec Projektleiterin T: +386 (0)2 564 21 08 E: jana.dimec@pomurski-sejem.si Andrej Slogovi\u010d Projektleiter T: +386 (0)2 564 21 12 E: andrej.slogovic@pomurski-sejem.si Miran Mate Projektleiter T: +386 (0)1 432 40 30 M: +386 (0)41 263 107 E: [&hellip;]<\/p>\n","protected":false},"author":2,"featured_media":196,"parent":218,"menu_order":0,"comment_status":"closed","ping_status":"closed","template":"","meta":{"footnotes":"","_links_to":"","_links_to_target":""},"class_list":["post-231","page","type-page","status-publish","has-post-thumbnail","hentry"],"_links":{"self":[{"href":"https:\/\/www.ribolov.pomurski-sejem.si\/de\/wp-json\/wp\/v2\/pages\/231","targetHints":{"allow":["GET"]}}],"collection":[{"href":"https:\/\/www.ribolov.pomurski-sejem.si\/de\/wp-json\/wp\/v2\/pages"}],"about":[{"href":"https:\/\/www.ribolov.pomurski-sejem.si\/de\/wp-json\/wp\/v2\/types\/page"}],"author":[{"embeddable":true,"href":"https:\/\/www.ribolov.pomurski-sejem.si\/de\/wp-json\/wp\/v2\/users\/2"}],"replies":[{"embeddable":true,"href":"https:\/\/www.ribolov.pomurski-sejem.si\/de\/wp-json\/wp\/v2\/comments?post=231"}],"version-history":[{"count":5,"href":"https:\/\/www.ribolov.pomurski-sejem.si\/de\/wp-json\/wp\/v2\/pages\/231\/revisions"}],"predecessor-version":[{"id":640,"href":"https:\/\/www.ribolov.pomurski-sejem.si\/de\/wp-json\/wp\/v2\/pages\/231\/revisions\/640"}],"up":[{"embeddable":true,"href":"https:\/\/www.ribolov.pomurski-sejem.si\/de\/wp-json\/wp\/v2\/pages\/218"}],"wp:featuredmedia":[{"embeddable":true,"href":"https:\/\/www.ribolov.pomurski-sejem.si\/de\/wp-json\/wp\/v2\/media\/196"}],"wp:attachment":[{"href":"https:\/\/www.ribolov.pomurski-sejem.si\/de\/wp-json\/wp\/v2\/media?parent=231"}],"curies":[{"name":"wp","href":"https:\/\/api.w.org\/{rel}","templated":true}]}}