{"id":241,"date":"2018-09-13T10:22:48","date_gmt":"2018-09-13T08:22:48","guid":{"rendered":"http:\/\/www.ribolov.pomurski-sejem.si\/fuer-aussteller\/tehnicne-smernice\/"},"modified":"2018-10-16T15:15:31","modified_gmt":"2018-10-16T13:15:31","slug":"technische-richtlinien","status":"publish","type":"page","link":"https:\/\/www.ribolov.pomurski-sejem.si\/de\/fuer-aussteller\/technische-richtlinien\/","title":{"rendered":"Technische Richtlinien"},"content":{"rendered":"<div class=\"standard_wrapper\">\n<div  class=\"two_third withsmallpadding ppb_header \" style=\"text-align:left;padding:30px 0 30px 0;\" >\n<div class=\"page_content_wrapper\">\n<div class=\"inner\">\n<div style=\"width:100%\">\n<h2 class=\"ppb_title\" style=\";text-align:left;\">Was Sie als Aussteller wissen m\u00fcssen<\/h2>\n<\/div>\n<\/div>\n<\/div>\n<\/div>\n<\/div>\n<div class=\"standard_wrapper\">\n<div  class=\"two_third withsmallpadding ppb_text\" style=\"text-align:left;padding:30px 0 30px 0;\" >\n<div class=\"standard_wrapper\">\n<div class=\"page_content_wrapper\">\n<div class=\"inner\">\n<div style=\"margin:auto;width:100%\">\n<hr>\n<\/div>\n<\/div>\n<\/div>\n<\/div>\n<\/div>\n<\/div>\n<div class=\"standard_wrapper\">\n<div  class=\"two_third withsmallpadding ppb_text\" style=\"text-align:left;padding:30px 0 30px 0;\" >\n<div class=\"standard_wrapper\">\n<div class=\"page_content_wrapper\">\n<div class=\"inner\">\n<div style=\"margin:auto;width:100%\">\n<h3>Bestellung des Ausstellungsplatzes<\/h3>\n<p>Die kleinste Ausstellungsfl\u00e4che, die der Aussteller bestellen kann ist folgende:<\/p>\n<ul>\n<li><strong>9 m<sup>2<\/sup><\/strong> square metres<\/strong> Hallen<\/li>\n<li><strong>10 m<sup>2<\/sup><\/strong> Au\u00dfenfl\u00e4che <\/li>\n<\/ul>\n<h3>Ausf\u00fchrung und Anschaltung von technischen Anschl\u00fcssen auf dem Ausstellungsplatz<\/h3>\n<p>An allen Ausstellungsfl\u00e4chen sind folgende technische Anschl\u00fcsse m\u00f6glich<\/p>\n<p><strong>Strom<\/strong><\/p>\n<p>Die Stromleitungen am Ausstellungsplatz f\u00fchrt der Unternehmer aus, der mit der Ausr\u00fcstung der Ausstellungsfl\u00e4chen beauftragt wurde. Er muss den Stromkasten mit der Haupt- und Nebenschaltung sicherstellen. Den Anschluss an das Stromnetz f\u00fchrt der seitens des Messehauses Pomurski sejem beauftragte Fachmann aus.<\/p>\n<p><strong>Wasser<\/strong><\/p>\n<p>Wasserleitungen kann nur der vom Messehaus Pomurski sejem beauftragte Unternehmer ausf\u00fchren.<\/p>\n<p><strong>Telefon, Telefax, ISDN<\/strong><\/p>\n<p>Fernmeldeleitungen kann nur der vom Messehaus Pomurski sejem beauftragter Fachmann ausf\u00fchren.<\/p>\n<h3>Aufstellung und Ausstattung von Ausstellungspl\u00e4tzen<\/h3>\n<p>Die Aufstellung und die Ausstattung des Ausstellungsplatzes kann der Aussteller den seitens des Messehauses Pomurski sejem beauftragten Unternehmern in Auftrag geben. Wenn der Aussteller vor hat, den Ausstellungsplatz selbst aufzustellen und auszustatten, muss er das mindestens 30 Tage vor dem eigentlichen Messebeginn schriftlich dem Verantwortlichen f\u00fcr die technischen Dienste auf der Messe mitteilen, wobei er auch die genaue Adresse des ausf\u00fchrenden Unternehmers nennen muss.<\/p>\n<h3>Technische Standards an Ausstellungspl\u00e4tzen und in Hallen<\/h3>\n<p>H\u00f6he von Ausstellungspl\u00e4tzen<\/p>\n<p>In der Regel werden die Ausstellungsfl\u00e4chen ebenerdig ausgef\u00fchrt.<\/p>\n<ul>\n<li>Standardh\u00f6he des Ausstellungsplatzes betr\u00e4gt 2500 mm<\/li>\n<li>F\u00fcr die Wandh\u00f6hen, die diesen Standard \u00fcberschreiten,<\/li>\n<\/ul>\n<p>ist die Genehmigung des Messeveranstaltalters notwendig.<\/p>\n<p>Ausnahmsweise ist auch eine Aufstellung von Ausstellungsfl\u00e4chen in Etagen m\u00f6glich, wof\u00fcr aber ebenfalls eine Genehmigung vom Messeveranstalter eingeholt werden muss.<\/p>\n<h3>Verkostungen und Verkauf an der Messe<\/h3>\n<p>Die Verkostungen m\u00fcssen schriftlich dem Projektleiter der Messe angek\u00fcndigt werden.<\/p>\n<p>Der Verkauf am Messestand selbst ist nur mit der Genehmigung des Grundst\u00fcckbesitzers m\u00f6glich. Die Genehmigungen werden vom Messehaus Pomurski sejem, gegen Entrichtung einer Geb\u00fchr, eingeholt. Die Kontaktperson daf\u00fcr ist der Projektleiter der Messe.<\/p>\n<p>Die Genehmigung muss man mindestens 15 Tage vor dem Messebeginn erwerben.<\/p>\n<h3>Versicherung von Ausstellungsexponaten<\/h3>\n<p>Die Versicherung von Ausstellungsexponaten obliegt dem Aussteller.<\/p>\n<h3>Schutz<\/h3>\n<p>F\u00fcr den Schutz von Ausstellungsfl\u00e4chen ist der Veranstalter verantwortlich.<\/p>\n<\/div>\n<\/div>\n<\/div>\n<\/div>\n<\/div>\n<\/div>\n","protected":false},"excerpt":{"rendered":"<p>Was Sie als Aussteller wissen m\u00fcssen Bestellung des Ausstellungsplatzes Die kleinste Ausstellungsfl\u00e4che, die der Aussteller bestellen kann ist folgende: 9 m2 square metres Hallen 10 m2 Au\u00dfenfl\u00e4che Ausf\u00fchrung und Anschaltung von technischen Anschl\u00fcssen auf dem Ausstellungsplatz An allen Ausstellungsfl\u00e4chen sind [&hellip;]<\/p>\n","protected":false},"author":2,"featured_media":196,"parent":218,"menu_order":0,"comment_status":"closed","ping_status":"closed","template":"","meta":{"footnotes":"","_links_to":"","_links_to_target":""},"class_list":["post-241","page","type-page","status-publish","has-post-thumbnail","hentry"],"_links":{"self":[{"href":"https:\/\/www.ribolov.pomurski-sejem.si\/de\/wp-json\/wp\/v2\/pages\/241","targetHints":{"allow":["GET"]}}],"collection":[{"href":"https:\/\/www.ribolov.pomurski-sejem.si\/de\/wp-json\/wp\/v2\/pages"}],"about":[{"href":"https:\/\/www.ribolov.pomurski-sejem.si\/de\/wp-json\/wp\/v2\/types\/page"}],"author":[{"embeddable":true,"href":"https:\/\/www.ribolov.pomurski-sejem.si\/de\/wp-json\/wp\/v2\/users\/2"}],"replies":[{"embeddable":true,"href":"https:\/\/www.ribolov.pomurski-sejem.si\/de\/wp-json\/wp\/v2\/comments?post=241"}],"version-history":[{"count":3,"href":"https:\/\/www.ribolov.pomurski-sejem.si\/de\/wp-json\/wp\/v2\/pages\/241\/revisions"}],"predecessor-version":[{"id":244,"href":"https:\/\/www.ribolov.pomurski-sejem.si\/de\/wp-json\/wp\/v2\/pages\/241\/revisions\/244"}],"up":[{"embeddable":true,"href":"https:\/\/www.ribolov.pomurski-sejem.si\/de\/wp-json\/wp\/v2\/pages\/218"}],"wp:featuredmedia":[{"embeddable":true,"href":"https:\/\/www.ribolov.pomurski-sejem.si\/de\/wp-json\/wp\/v2\/media\/196"}],"wp:attachment":[{"href":"https:\/\/www.ribolov.pomurski-sejem.si\/de\/wp-json\/wp\/v2\/media?parent=241"}],"curies":[{"name":"wp","href":"https:\/\/api.w.org\/{rel}","templated":true}]}}