{"id":256,"date":"2018-09-13T09:37:44","date_gmt":"2018-09-13T07:37:44","guid":{"rendered":"http:\/\/www.ribolov.pomurski-sejem.si\/razstavni-program\/"},"modified":"2018-10-16T15:30:07","modified_gmt":"2018-10-16T13:30:07","slug":"ausstellungsprogramm","status":"publish","type":"page","link":"https:\/\/www.ribolov.pomurski-sejem.si\/de\/ausstellungsprogramm\/","title":{"rendered":"Ausstellungsprogramm"},"content":{"rendered":"<div class=\"standard_wrapper\">\n<div  class=\"two_third withsmallpadding ppb_header \" style=\"text-align:left;padding:40px 0 40px 0;margin-top:-30px;background-color:#ffffff;color:#ffffff;\" >\n<div class=\"page_content_wrapper\">\n<div class=\"inner\">\n<div style=\"margin:auto;width:80%\">\n<h2 class=\"ppb_title\" style=\"color:#0b8eca;;text-align:left;\">Ausstellungsprogramm<\/h2>\n<\/div>\n<\/div>\n<\/div>\n<\/div>\n<\/div>\n<div class=\"standard_wrapper\">\n<div  class=\"two_third withsmallpadding ppb_text\" style=\"text-align:center;padding:0px 0 0px 0;background-color:#ffffff;color:#ffffff !important;\" >\n<div class=\"standard_wrapper\">\n<div class=\"page_content_wrapper\">\n<div class=\"inner\">\n<div style=\"margin:auto;width:80%\">\n<hr>\n<\/div>\n<\/div>\n<\/div>\n<\/div>\n<\/div>\n<\/div>\n<div class=\"standard_wrapper\">\n<div  class=\"two_third withsmallpadding ppb_text\" style=\"text-align:left;padding:40px 0 40px 0;\" >\n<div class=\"standard_wrapper\">\n<div class=\"page_content_wrapper\">\n<div class=\"inner\">\n<div style=\"margin:auto;width:80%\">\n<ul>\n<li>Ausr\u00fcstung und Zubeh\u00f6r f\u00fcr die S\u00fc\u00dfwasserfischerei und Meeresfischerei<\/li>\n<li>Bekleidung und Schuchwerk f\u00fcr Fischerei<\/li>\n<li>Fischereitourismus<\/li>\n<li>Konzessionen f\u00fcr die Ausf\u00fchrung der Fischereibewirtschaftungen<\/li>\n<li>Gel\u00ebndewagen und Zubeh\u00f6r<\/li>\n<li>Pr\u00e4paration und Troph\u00e4en der Fischer<\/li>\n<li>Geschenkprogramm<\/li>\n<li>Fachliteratur<\/li>\n<\/ul>\n<\/div>\n<\/div>\n<\/div>\n<\/div>\n<\/div>\n<\/div>\n","protected":false},"excerpt":{"rendered":"<p>Ausstellungsprogramm Ausr\u00fcstung und Zubeh\u00f6r f\u00fcr die S\u00fc\u00dfwasserfischerei und Meeresfischerei Bekleidung und Schuchwerk f\u00fcr Fischerei Fischereitourismus Konzessionen f\u00fcr die Ausf\u00fchrung der Fischereibewirtschaftungen Gel\u00ebndewagen und Zubeh\u00f6r Pr\u00e4paration und Troph\u00e4en der Fischer Geschenkprogramm Fachliteratur<\/p>\n","protected":false},"author":2,"featured_media":196,"parent":0,"menu_order":0,"comment_status":"closed","ping_status":"closed","template":"","meta":{"footnotes":"","_links_to":"","_links_to_target":""},"class_list":["post-256","page","type-page","status-publish","has-post-thumbnail","hentry"],"_links":{"self":[{"href":"https:\/\/www.ribolov.pomurski-sejem.si\/de\/wp-json\/wp\/v2\/pages\/256","targetHints":{"allow":["GET"]}}],"collection":[{"href":"https:\/\/www.ribolov.pomurski-sejem.si\/de\/wp-json\/wp\/v2\/pages"}],"about":[{"href":"https:\/\/www.ribolov.pomurski-sejem.si\/de\/wp-json\/wp\/v2\/types\/page"}],"author":[{"embeddable":true,"href":"https:\/\/www.ribolov.pomurski-sejem.si\/de\/wp-json\/wp\/v2\/users\/2"}],"replies":[{"embeddable":true,"href":"https:\/\/www.ribolov.pomurski-sejem.si\/de\/wp-json\/wp\/v2\/comments?post=256"}],"version-history":[{"count":4,"href":"https:\/\/www.ribolov.pomurski-sejem.si\/de\/wp-json\/wp\/v2\/pages\/256\/revisions"}],"predecessor-version":[{"id":260,"href":"https:\/\/www.ribolov.pomurski-sejem.si\/de\/wp-json\/wp\/v2\/pages\/256\/revisions\/260"}],"wp:featuredmedia":[{"embeddable":true,"href":"https:\/\/www.ribolov.pomurski-sejem.si\/de\/wp-json\/wp\/v2\/media\/196"}],"wp:attachment":[{"href":"https:\/\/www.ribolov.pomurski-sejem.si\/de\/wp-json\/wp\/v2\/media?parent=256"}],"curies":[{"name":"wp","href":"https:\/\/api.w.org\/{rel}","templated":true}]}}